{"id":6503,"date":"2022-06-13T11:53:22","date_gmt":"2022-06-13T09:53:22","guid":{"rendered":"https:\/\/m3sh.com\/politica-de-cookies-da-m3sh\/"},"modified":"2026-03-06T16:48:32","modified_gmt":"2026-03-06T14:48:32","slug":"politica-de-cookies-da-m3sh","status":"publish","type":"page","link":"https:\/\/m3sh.com\/pt-br\/politica-de-cookies-da-m3sh\/","title":{"rendered":"Pol\u00edtica de Cookies da M3SH"},"content":{"rendered":"<p>[et_pb_section fb_built=&#8221;1&#8243; _builder_version=&#8221;4.17.4&#8243; _module_preset=&#8221;default&#8221; global_colors_info=&#8221;{}&#8221;][et_pb_row _builder_version=&#8221;4.17.4&#8243; _module_preset=&#8221;default&#8221; global_colors_info=&#8221;{}&#8221;][et_pb_column type=&#8221;4_4&#8243; _builder_version=&#8221;4.17.4&#8243; _module_preset=&#8221;default&#8221; global_colors_info=&#8221;{}&#8221;][et_pb_text _builder_version=&#8221;4.17.4&#8243; _module_preset=&#8221;default&#8221; hover_enabled=&#8221;0&#8243; global_colors_info=&#8221;{}&#8221; sticky_enabled=&#8221;0&#8243;]<\/p>\n<p><span style=\"color: #333333;\"><span style=\"font-family: Arial, serif;\"><span style=\"font-size: 300%;\">Pol\u00edtica de Cookies<\/span><\/span><\/span><\/p>\n<p><span style=\"color: #333333;\"><span style=\"font-family: Arial, serif;\"><span style=\"font-size: medium;\">Esta Pol\u00edtica de Cookies aplica-se ao(s) seguinte(s) website(s):<br \/><\/span><\/span><\/span><span style=\"color: #000000;\"><span style=\"font-family: Arial, serif;\"><span style=\"font-size: medium;\"><b>www.m3sh.com<\/b><\/span><\/span><\/span><span style=\"color: #333333;\"><span style=\"font-family: Arial, serif;\"><span style=\"font-size: medium;\"><br \/>(os \u201cWebsites\u201d)<\/span><\/span><\/span><\/p>\n<p><span style=\"color: #333333;\"><span style=\"font-family: Arial, serif;\"><span style=\"font-size: medium;\">Esta pol\u00edtica resume os diferentes tipos de cookies que utilizamos nos Websites, juntamente com as suas respetivas finalidades e dura\u00e7\u00e3o (ou seja, quanto tempo cada cookie permanecer\u00e1 no seu dispositivo) e como prevenir e\/ou excluir cookies.<\/span><\/span><\/span><\/p>\n<p><span style=\"color: #333333;\"><span style=\"font-family: Arial, serif;\"><span style=\"font-size: medium;\">Quando voc\u00ea visualiza este Website, ou qualquer outro Website com hiperlink, podemos armazenar algumas informa\u00e7\u00f5es no seu computador local na forma de um &#8220;cookie&#8221;, o que nos permite ajustar nosso Website para melhor atender \u00e0s suas prefer\u00eancias. Os cookies tamb\u00e9m s\u00e3o usados para coletar informa\u00e7\u00f5es estat\u00edsticas gerais de uso e volume que n\u00e3o incluem informa\u00e7\u00f5es pessoais. <\/span><\/span><\/span><\/p>\n<p><span style=\"color: #333333;\"><span style=\"font-family: Arial, serif;\"><span style=\"font-size: medium;\">Exceto pelos cookies necess\u00e1rios para o funcionamento dos Websites, colocaremos cookies apenas se voc\u00ea nos permitir, pressionando o bot\u00e3o \u201cConcordar\u201d nas Informa\u00e7\u00f5es de Cookies na p\u00e1gina superior do nosso Website. Observe que, se voc\u00ea n\u00e3o nos permitir colocar cookies ou desativar os cookies que usamos, isso poder\u00e1 afetar sua experi\u00eancia de usu\u00e1rio nos Websites. Se desejar alterar suas configura\u00e7\u00f5es a qualquer momento, voc\u00ea pode retornar \u00e0 p\u00e1gina superior do nosso Website e usar os bot\u00f5es \u201cpermitir\u201d ou \u201cn\u00e3o permitir\u201d. Voc\u00ea tamb\u00e9m pode desativar os cookies usando as configura\u00e7\u00f5es do seu navegador; consulte \u201cComo prevenir e\/ou excluir cookies\u201d abaixo.   <\/span><\/span><\/span><\/p>\n<p><span style=\"color: #000000;\"><span style=\"font-family: Arial, serif;\"><span style=\"font-size: medium;\"><b>O que s\u00e3o cookies?<\/b><\/span><\/span><\/span><span style=\"color: #333333;\"><span style=\"font-family: Arial, serif;\"><span style=\"font-size: medium;\"><br \/>Cookies s\u00e3o arquivos ou peda\u00e7os de informa\u00e7\u00e3o que podem ser armazenados no seu computador (ou outros dispositivos com acesso \u00e0 internet, como um smartphone ou tablet) quando voc\u00ea visita um Website, como um pequeno arquivo de texto, que o Website que voc\u00ea est\u00e1 visitando salva no seu computador local. Um cookie geralmente conter\u00e1 o nome do website de onde o cookie se originou, a \u201cvida \u00fatil\u201d do cookie (ou seja, quanto tempo ele permanecer\u00e1 no seu dispositivo) e um valor, que geralmente \u00e9 um n\u00famero exclusivo gerado aleatoriamente.<\/span><\/span><\/span><\/p>\n<p><span style=\"color: #333333;\"><span style=\"font-family: Arial, serif;\"><span style=\"font-size: medium;\">Os cookies s\u00e3o usados por muitos Websites para dar aos visitantes acesso a uma gama de diversas fun\u00e7\u00f5es. As informa\u00e7\u00f5es contidas no cookie podem ser usadas para monitorar o comportamento de navega\u00e7\u00e3o de um usu\u00e1rio. <\/span><\/span><\/span><\/p>\n<p><span style=\"color: #000000;\"><span style=\"font-family: Arial, serif;\"><span style=\"font-size: medium;\"><b>Para que usamos cookies<\/b><\/span><\/span><\/span><span style=\"color: #333333;\"><span style=\"font-family: Arial, serif;\"><span style=\"font-size: medium;\"><br \/>Os Websites utilizam cookies estritamente necess\u00e1rios, que s\u00e3o essenciais para que os Websites funcionem corretamente e s\u00e3o estritamente necess\u00e1rios para permitir que voc\u00ea navegue pelo Website e utilize seus recursos.<\/span><\/span><\/span><\/p>\n<p><span style=\"color: #333333;\"><span style=\"font-family: Arial, serif;\"><span style=\"font-size: medium;\">Os Websites tamb\u00e9m utilizam cookies \u201canal\u00edticos\u201d. Eles nos permitem otimizar o desempenho dos Websites para melhorar sua experi\u00eancia no site, tornar os Websites mais f\u00e1ceis de usar e melhor adapt\u00e1-los aos seus interesses e necessidades. Os cookies tamb\u00e9m permitem que o usu\u00e1rio permane\u00e7a logado, por exemplo, no servi\u00e7o de assinatura dos Websites. Al\u00e9m disso, os cookies ajudam a acelerar suas atividades e experi\u00eancias futuras nos Websites, lembrando as prefer\u00eancias do usu\u00e1rio, como idioma e tamanho da fonte, e propriedades do agente do usu\u00e1rio, como resolu\u00e7\u00e3o de tela e velocidade de conex\u00e3o. Tamb\u00e9m usamos os cookies para compilar estat\u00edsticas an\u00f4nimas e agregadas que nos permitem entender como as pessoas usam os Websites e nos ajudam a melhorar sua estrutura e conte\u00fado.    <\/span><\/span><\/span><\/p>\n<p><span style=\"color: #333333;\"><span style=\"font-family: Arial, serif;\"><span style=\"font-size: medium;\">Leia mais sobre os cookies individuais que utilizamos e como reconhec\u00ea-los na tabela em \u201cCookies utilizados nos Websites\u201d abaixo.<\/span><\/span><\/span><\/p>\n<p><span style=\"color: #000000;\"><span style=\"font-family: Arial, serif;\"><span style=\"font-size: medium;\"><b>Cookies utilizados nos Websites<\/b><\/span><\/span><\/span><span style=\"color: #333333;\"><span style=\"font-family: Arial, serif;\"><span style=\"font-size: medium;\"><br \/>Existem tr\u00eas tipos de cookies:<\/span><\/span><\/span><\/p>\n<ul>\n<li><span style=\"color: #000000;\"><span style=\"font-family: Arial, serif;\"><span style=\"font-size: medium;\">cookies persistentes,<\/span><\/span><\/span><\/li>\n<li><span style=\"color: #000000;\"><span style=\"font-family: Arial, serif;\"><span style=\"font-size: medium;\">cookies de sess\u00e3o e<\/span><\/span><\/span><\/li>\n<li><span style=\"color: #000000;\"><span style=\"font-family: Arial, serif;\"><span style=\"font-size: medium;\">cookies de terceiros<\/span><\/span><\/span><\/li>\n<\/ul>\n<ul>\n<li><span style=\"color: #000000;\"><span style=\"font-family: Arial, serif;\"><span style=\"font-size: medium;\"><b>Cookies persistentes<\/b><\/span><\/span><\/span><span style=\"color: #000000;\"><span style=\"font-family: Arial, serif;\"><span style=\"font-size: medium;\"> salvam um arquivo por um per\u00edodo prolongado em seu computador e s\u00e3o usados, por exemplo, com fun\u00e7\u00f5es que descrevem quais informa\u00e7\u00f5es s\u00e3o novas desde a sua \u00faltima visita ao Website espec\u00edfico.<\/span><\/span><\/span><\/li>\n<li><span style=\"color: #000000;\"><span style=\"font-family: Arial, serif;\"><span style=\"font-size: medium;\"><b>Cookies de sess\u00e3o<\/b><\/span><\/span><\/span><span style=\"color: #000000;\"><span style=\"font-family: Arial, serif;\"><span style=\"font-size: medium;\"> s\u00e3o armazenados temporariamente na mem\u00f3ria do seu computador enquanto voc\u00ea visita o Website e navega em uma p\u00e1gina, e s\u00e3o usados, por exemplo, para determinar qual idioma voc\u00ea escolheu. Os cookies de sess\u00e3o n\u00e3o s\u00e3o armazenados no seu computador por um per\u00edodo prolongado, mas s\u00e3o exclu\u00eddos quando voc\u00ea fecha o navegador.<\/span><\/span><\/span><\/li>\n<\/ul>\n<p><span style=\"color: #333333;\"><span style=\"font-family: Arial, serif;\"><span style=\"font-size: medium;\">A M3SH Technologies utiliza ambos os tipos de cookies para os seguintes fins: (i) coletar estat\u00edsticas de visitantes; (ii) permitir que o usu\u00e1rio permane\u00e7a logado, por exemplo, no servi\u00e7o de assinatura em nosso Website; (iii) lembrar as prefer\u00eancias do usu\u00e1rio, por exemplo, idioma, tamanho da fonte, etc.; e (iv) lembrar as propriedades do agente do usu\u00e1rio, por exemplo, resolu\u00e7\u00e3o da tela, velocidade da conex\u00e3o, etc.<\/span><\/span><\/span><\/p>\n<ul>\n<li><span style=\"color: #000000;\"><span style=\"font-family: Arial, serif;\"><span style=\"font-size: medium;\"><b>Cookies de Terceiros<\/b><\/span><\/span><\/span><span style=\"color: #000000;\"><span style=\"font-family: Arial, serif;\"><span style=\"font-size: medium;\"><br \/>O uso de cookies por nossos parceiros, afiliados, empresas de utilit\u00e1rios de rastreamento e prestadores de servi\u00e7os n\u00e3o \u00e9 coberto por nossa Pol\u00edtica de Privacidade. N\u00e3o temos acesso ou controle sobre esses cookies. Nossos parceiros, afiliados, empresas de utilit\u00e1rios de rastreamento e prestadores de servi\u00e7os podem usar cookies para melhorar sua experi\u00eancia no Website.<\/span><\/span><\/span><\/li>\n<\/ul>\n<p>&nbsp;<\/p>\n<p><span style=\"color: #000000;\"><span style=\"font-family: Arial, serif;\"><span style=\"font-size: medium;\"><b>Google Analytics<br \/><\/b><\/span><\/span><\/span><span style=\"color: #333333;\"><span style=\"font-family: Arial, serif;\"><span style=\"font-size: medium;\">Este Website utiliza o Google Analytics, um servi\u00e7o de an\u00e1lise web fornecido pela Google Inc. (&#8220;Google&#8221;). O Google Analytics utiliza &#8220;cookies&#8221;, arquivos de texto que s\u00e3o armazenados no seu computador para ajudar a analisar o uso do Website. As informa\u00e7\u00f5es geradas pelo cookie sobre o seu uso deste Website (incluindo o seu endere\u00e7o IP) podem ser enviadas para um servidor do Google nos EUA e armazenadas l\u00e1. Sob a autoridade da M3SH Technologies, o Google usar\u00e1 essas informa\u00e7\u00f5es para avaliar seu uso de nosso Website, compilar relat\u00f3rios sobre a atividade do Website para a M3SH Technologies e fornecer outros servi\u00e7os relacionados \u00e0 atividade do Website e \u00e0 internet para a M3SH. Al\u00e9m disso, o Google tamb\u00e9m pode transferir essas informa\u00e7\u00f5es a terceiros, se exigido por lei ou se terceiros processarem as informa\u00e7\u00f5es em nome do Google. Para ver detalhes sobre o que o Google Analytics coleta e como \u00e9 usado, consulte       <\/span><\/span><\/span><a href=\"http:\/\/www.google.com\/intl\/en\/analytics\/privacyoverview.html\" target=\"_blank\" rel=\"noopener\"><span style=\"color: #005072;\"><span style=\"font-family: Arial, serif;\"><span style=\"font-size: medium;\"><u>http:\/\/www.google.com\/intl\/en\/analytics\/privacyoverview.html<\/u><\/span><\/span><\/span><\/a><span style=\"color: #333333;\"><span style=\"font-family: Arial, serif;\"><span style=\"font-size: medium;\">.<\/span><\/span><\/span><\/p>\n<p><span style=\"color: #333333;\"><span style=\"font-family: Arial, serif;\"><span style=\"font-size: medium;\">Voc\u00ea pode recusar o uso de cookies alterando as configura\u00e7\u00f5es do seu navegador. Alternativamente, se dispon\u00edvel para o seu navegador, voc\u00ea pode usar o \u201cComplemento do navegador para desativa\u00e7\u00e3o do Google Analytics\u201d dispon\u00edvel em <\/span><\/span><\/span><a href=\"http:\/\/tools.google.com\/dlpage\/gaoptout?hl=en\" target=\"_blank\" rel=\"noopener\"><span style=\"color: #005072;\"><span style=\"font-family: Arial, serif;\"><span style=\"font-size: medium;\"><u>http:\/\/tools.google.com\/dlpage\/gaoptout?hl=en<\/u><\/span><\/span><\/span><\/a><span style=\"color: #333333;\"><span style=\"font-family: Arial, serif;\"><span style=\"font-size: medium;\">. Ressaltamos, por\u00e9m, que se voc\u00ea recusar o uso de cookies, poder\u00e1 n\u00e3o conseguir utilizar todos os recursos deste Website.<\/span><\/span><\/span><\/p>\n<p><span style=\"color: #000000;\"><span style=\"font-family: Arial, serif;\"><span style=\"font-size: medium;\"><b>Web Beacons<br \/><\/b><\/span><\/span><\/span><span style=\"color: #333333;\"><span style=\"font-family: Arial, serif;\"><span style=\"font-size: medium;\">Nosso Website cont\u00e9m imagens eletr\u00f4nicas conhecidas como web beacons (\u00e0s vezes chamados de gifs de pixel \u00fanico) e s\u00e3o usados junto com cookies para compilar estat\u00edsticas agregadas para analisar como nosso Website \u00e9 usado, e podem ser usados em alguns de nossos e-mails para nos informar quais e-mails e links foram abertos pelos destinat\u00e1rios. Isso nos permite avaliar a efic\u00e1cia de nossas comunica\u00e7\u00f5es com os clientes e campanhas de marketing.<\/span><\/span><\/span><\/p>\n<p><span style=\"color: #333333;\"><span style=\"font-family: Arial, serif;\"><span style=\"font-size: medium;\">Nossos parceiros terceirizados tamb\u00e9m empregam gifs transparentes (tamb\u00e9m conhecidos como web beacons\/web bugs), imagens e scripts que os ajudam a gerenciar melhor o conte\u00fado em nosso Website. N\u00e3o vinculamos as informa\u00e7\u00f5es coletadas \u00e0s informa\u00e7\u00f5es de identifica\u00e7\u00e3o pessoal de nossos clientes ou usu\u00e1rios. <\/span><\/span><\/span><\/p>\n<p><span style=\"color: #000000;\"><span style=\"font-family: Arial, serif;\"><span style=\"font-size: medium;\"><b>Como evitar cookies<br \/><\/b><\/span><\/span><\/span><span style=\"color: #333333;\"><span style=\"font-family: Arial, serif;\"><span style=\"font-size: medium;\">Voc\u00ea pode configurar seu navegador para bloquear cookies. O procedimento para bloquear cookies depender\u00e1 do navegador que voc\u00ea est\u00e1 usando. Acesse &#8216;Ajuda&#8217; ou o menu apropriado em seu navegador para obter instru\u00e7\u00f5es. Voc\u00ea tamb\u00e9m pode remover cookies persistentes seguindo as instru\u00e7\u00f5es fornecidas no arquivo de \u201cajuda\u201d do seu navegador de Internet. Se voc\u00ea rejeitar ou remover cookies, ainda poder\u00e1 usar nosso Website, mas sua capacidade de usar algumas \u00e1reas de nosso Website, como concursos ou pesquisas, ser\u00e1 limitada.<\/span><\/span><\/span><\/p>\n<p><span style=\"color: #000000;\"><span style=\"font-family: Arial, serif;\"><span style=\"font-size: medium;\"><b>Geral<br \/><\/b><\/span><\/span><\/span><span style=\"color: #333333;\"><span style=\"font-family: Arial, serif;\"><span style=\"font-size: medium;\">Para informa\u00e7\u00f5es detalhadas sobre o respeito \u00e0 sua privacidade, consulte nossa <\/span><\/span><\/span><a href=\"https:\/\/m3sh.com\/m3sh-privacy-policy\/\" title=\"Pol\u00edtica de Privacidade\"><span style=\"color: #005072;\"><span style=\"font-family: Arial, serif;\"><span style=\"font-size: medium;\"><u>Pol\u00edtica de Privacidade<\/u><\/span><\/span><\/span><span style=\"color: #333333;\"><span style=\"font-family: Arial, serif;\"><span style=\"font-size: medium;\">.<\/span><\/span><\/span><\/a><\/p>\n<p><span style=\"color: #333333;\"><span style=\"font-family: Arial, serif;\"><span style=\"font-size: medium;\">Esta Pol\u00edtica de Cookies foi atualizada pela \u00faltima vez em 06 de junho de 2022.<\/span><\/span><\/span><\/p>\n<p>[\/et_pb_text][\/et_pb_column][\/et_pb_row][\/et_pb_section]<\/p>\n","protected":false},"excerpt":{"rendered":"<p>Pol\u00edtica de Cookies Esta Pol\u00edtica de Cookies aplica-se ao(s) seguinte(s) website(s):www.m3sh.com(os \u201cWebsites\u201d) Esta pol\u00edtica resume os diferentes tipos de cookies que utilizamos nos Websites, juntamente com as suas respetivas finalidades e dura\u00e7\u00e3o (ou seja, quanto tempo cada cookie permanecer\u00e1 no seu dispositivo) e como prevenir e\/ou excluir cookies. Quando voc\u00ea visualiza este Website, ou qualquer [&hellip;]<\/p>\n","protected":false},"author":1,"featured_media":0,"parent":0,"menu_order":0,"comment_status":"closed","ping_status":"closed","template":"","meta":{"_et_pb_use_builder":"on","_et_pb_old_content":"","_et_gb_content_width":"","footnotes":""},"class_list":["post-6503","page","type-page","status-publish","hentry"],"yoast_head":"<!-- This site is optimized with the Yoast SEO plugin v27.4 - https:\/\/yoast.com\/product\/yoast-seo-wordpress\/ -->\n<title>Pol\u00edtica de Cookies da M3SH - M3SH<\/title>\n<meta name=\"robots\" content=\"index, follow, max-snippet:-1, max-image-preview:large, max-video-preview:-1\" \/>\n<link rel=\"canonical\" href=\"https:\/\/m3sh.com\/pt-br\/politica-de-cookies-da-m3sh\/\" \/>\n<meta property=\"og:locale\" content=\"pt_BR\" \/>\n<meta property=\"og:type\" content=\"article\" \/>\n<meta property=\"og:title\" content=\"Pol\u00edtica de Cookies da M3SH - M3SH\" \/>\n<meta property=\"og:description\" content=\"Pol\u00edtica de Cookies Esta Pol\u00edtica de Cookies aplica-se ao(s) seguinte(s) website(s):www.m3sh.com(os \u201cWebsites\u201d) Esta pol\u00edtica resume os diferentes tipos de cookies que utilizamos nos Websites, juntamente com as suas respetivas finalidades e dura\u00e7\u00e3o (ou seja, quanto tempo cada cookie permanecer\u00e1 no seu dispositivo) e como prevenir e\/ou excluir cookies. Quando voc\u00ea visualiza este Website, ou qualquer [&hellip;]\" \/>\n<meta property=\"og:url\" content=\"https:\/\/m3sh.com\/pt-br\/politica-de-cookies-da-m3sh\/\" \/>\n<meta property=\"og:site_name\" content=\"M3SH\" \/>\n<meta property=\"article:modified_time\" content=\"2026-03-06T14:48:32+00:00\" \/>\n<meta name=\"twitter:card\" content=\"summary_large_image\" \/>\n<meta name=\"twitter:label1\" content=\"Est. tempo de leitura\" \/>\n\t<meta name=\"twitter:data1\" content=\"7 minutos\" \/>\n<script type=\"application\/ld+json\" class=\"yoast-schema-graph\">{\"@context\":\"https:\\\/\\\/schema.org\",\"@graph\":[{\"@type\":\"WebPage\",\"@id\":\"https:\\\/\\\/m3sh.com\\\/pt-br\\\/politica-de-cookies-da-m3sh\\\/\",\"url\":\"https:\\\/\\\/m3sh.com\\\/pt-br\\\/politica-de-cookies-da-m3sh\\\/\",\"name\":\"Pol\u00edtica de Cookies da M3SH - M3SH\",\"isPartOf\":{\"@id\":\"http:\\\/\\\/m3sh.com\\\/pt-br\\\/#website\"},\"datePublished\":\"2022-06-13T09:53:22+00:00\",\"dateModified\":\"2026-03-06T14:48:32+00:00\",\"breadcrumb\":{\"@id\":\"https:\\\/\\\/m3sh.com\\\/pt-br\\\/politica-de-cookies-da-m3sh\\\/#breadcrumb\"},\"inLanguage\":\"pt-BR\",\"potentialAction\":[{\"@type\":\"ReadAction\",\"target\":[\"https:\\\/\\\/m3sh.com\\\/pt-br\\\/politica-de-cookies-da-m3sh\\\/\"]}]},{\"@type\":\"BreadcrumbList\",\"@id\":\"https:\\\/\\\/m3sh.com\\\/pt-br\\\/politica-de-cookies-da-m3sh\\\/#breadcrumb\",\"itemListElement\":[{\"@type\":\"ListItem\",\"position\":1,\"name\":\"Home\",\"item\":\"https:\\\/\\\/m3sh.com\\\/pt-br\\\/inicio\\\/\"},{\"@type\":\"ListItem\",\"position\":2,\"name\":\"Pol\u00edtica de Cookies da M3SH\"}]},{\"@type\":\"WebSite\",\"@id\":\"http:\\\/\\\/m3sh.com\\\/pt-br\\\/#website\",\"url\":\"http:\\\/\\\/m3sh.com\\\/pt-br\\\/\",\"name\":\"M3SH\",\"description\":\"We set the standard\",\"publisher\":{\"@id\":\"http:\\\/\\\/m3sh.com\\\/pt-br\\\/#organization\"},\"potentialAction\":[{\"@type\":\"SearchAction\",\"target\":{\"@type\":\"EntryPoint\",\"urlTemplate\":\"http:\\\/\\\/m3sh.com\\\/pt-br\\\/?s={search_term_string}\"},\"query-input\":{\"@type\":\"PropertyValueSpecification\",\"valueRequired\":true,\"valueName\":\"search_term_string\"}}],\"inLanguage\":\"pt-BR\"},{\"@type\":\"Organization\",\"@id\":\"http:\\\/\\\/m3sh.com\\\/pt-br\\\/#organization\",\"name\":\"M3SH Technology\",\"url\":\"http:\\\/\\\/m3sh.com\\\/pt-br\\\/\",\"logo\":{\"@type\":\"ImageObject\",\"inLanguage\":\"pt-BR\",\"@id\":\"http:\\\/\\\/m3sh.com\\\/pt-br\\\/#\\\/schema\\\/logo\\\/image\\\/\",\"url\":\"https:\\\/\\\/m3sh.com\\\/wp-content\\\/uploads\\\/2023\\\/11\\\/M3SH-Logo.png\",\"contentUrl\":\"https:\\\/\\\/m3sh.com\\\/wp-content\\\/uploads\\\/2023\\\/11\\\/M3SH-Logo.png\",\"width\":574,\"height\":233,\"caption\":\"M3SH Technology\"},\"image\":{\"@id\":\"http:\\\/\\\/m3sh.com\\\/pt-br\\\/#\\\/schema\\\/logo\\\/image\\\/\"},\"sameAs\":[\"https:\\\/\\\/www.linkedin.com\\\/company\\\/m3sh-technology\\\/\"]}]}<\/script>\n<!-- \/ Yoast SEO plugin. -->","yoast_head_json":{"title":"Pol\u00edtica de Cookies da M3SH - M3SH","robots":{"index":"index","follow":"follow","max-snippet":"max-snippet:-1","max-image-preview":"max-image-preview:large","max-video-preview":"max-video-preview:-1"},"canonical":"https:\/\/m3sh.com\/pt-br\/politica-de-cookies-da-m3sh\/","og_locale":"pt_BR","og_type":"article","og_title":"Pol\u00edtica de Cookies da M3SH - M3SH","og_description":"Pol\u00edtica de Cookies Esta Pol\u00edtica de Cookies aplica-se ao(s) seguinte(s) website(s):www.m3sh.com(os \u201cWebsites\u201d) Esta pol\u00edtica resume os diferentes tipos de cookies que utilizamos nos Websites, juntamente com as suas respetivas finalidades e dura\u00e7\u00e3o (ou seja, quanto tempo cada cookie permanecer\u00e1 no seu dispositivo) e como prevenir e\/ou excluir cookies. Quando voc\u00ea visualiza este Website, ou qualquer [&hellip;]","og_url":"https:\/\/m3sh.com\/pt-br\/politica-de-cookies-da-m3sh\/","og_site_name":"M3SH","article_modified_time":"2026-03-06T14:48:32+00:00","twitter_card":"summary_large_image","twitter_misc":{"Est. tempo de leitura":"7 minutos"},"schema":{"@context":"https:\/\/schema.org","@graph":[{"@type":"WebPage","@id":"https:\/\/m3sh.com\/pt-br\/politica-de-cookies-da-m3sh\/","url":"https:\/\/m3sh.com\/pt-br\/politica-de-cookies-da-m3sh\/","name":"Pol\u00edtica de Cookies da M3SH - M3SH","isPartOf":{"@id":"http:\/\/m3sh.com\/pt-br\/#website"},"datePublished":"2022-06-13T09:53:22+00:00","dateModified":"2026-03-06T14:48:32+00:00","breadcrumb":{"@id":"https:\/\/m3sh.com\/pt-br\/politica-de-cookies-da-m3sh\/#breadcrumb"},"inLanguage":"pt-BR","potentialAction":[{"@type":"ReadAction","target":["https:\/\/m3sh.com\/pt-br\/politica-de-cookies-da-m3sh\/"]}]},{"@type":"BreadcrumbList","@id":"https:\/\/m3sh.com\/pt-br\/politica-de-cookies-da-m3sh\/#breadcrumb","itemListElement":[{"@type":"ListItem","position":1,"name":"Home","item":"https:\/\/m3sh.com\/pt-br\/inicio\/"},{"@type":"ListItem","position":2,"name":"Pol\u00edtica de Cookies da M3SH"}]},{"@type":"WebSite","@id":"http:\/\/m3sh.com\/pt-br\/#website","url":"http:\/\/m3sh.com\/pt-br\/","name":"M3SH","description":"We set the standard","publisher":{"@id":"http:\/\/m3sh.com\/pt-br\/#organization"},"potentialAction":[{"@type":"SearchAction","target":{"@type":"EntryPoint","urlTemplate":"http:\/\/m3sh.com\/pt-br\/?s={search_term_string}"},"query-input":{"@type":"PropertyValueSpecification","valueRequired":true,"valueName":"search_term_string"}}],"inLanguage":"pt-BR"},{"@type":"Organization","@id":"http:\/\/m3sh.com\/pt-br\/#organization","name":"M3SH Technology","url":"http:\/\/m3sh.com\/pt-br\/","logo":{"@type":"ImageObject","inLanguage":"pt-BR","@id":"http:\/\/m3sh.com\/pt-br\/#\/schema\/logo\/image\/","url":"https:\/\/m3sh.com\/wp-content\/uploads\/2023\/11\/M3SH-Logo.png","contentUrl":"https:\/\/m3sh.com\/wp-content\/uploads\/2023\/11\/M3SH-Logo.png","width":574,"height":233,"caption":"M3SH Technology"},"image":{"@id":"http:\/\/m3sh.com\/pt-br\/#\/schema\/logo\/image\/"},"sameAs":["https:\/\/www.linkedin.com\/company\/m3sh-technology\/"]}]}},"_links":{"self":[{"href":"https:\/\/m3sh.com\/pt-br\/wp-json\/wp\/v2\/pages\/6503","targetHints":{"allow":["GET"]}}],"collection":[{"href":"https:\/\/m3sh.com\/pt-br\/wp-json\/wp\/v2\/pages"}],"about":[{"href":"https:\/\/m3sh.com\/pt-br\/wp-json\/wp\/v2\/types\/page"}],"author":[{"embeddable":true,"href":"https:\/\/m3sh.com\/pt-br\/wp-json\/wp\/v2\/users\/1"}],"replies":[{"embeddable":true,"href":"https:\/\/m3sh.com\/pt-br\/wp-json\/wp\/v2\/comments?post=6503"}],"version-history":[{"count":2,"href":"https:\/\/m3sh.com\/pt-br\/wp-json\/wp\/v2\/pages\/6503\/revisions"}],"predecessor-version":[{"id":6505,"href":"https:\/\/m3sh.com\/pt-br\/wp-json\/wp\/v2\/pages\/6503\/revisions\/6505"}],"wp:attachment":[{"href":"https:\/\/m3sh.com\/pt-br\/wp-json\/wp\/v2\/media?parent=6503"}],"curies":[{"name":"wp","href":"https:\/\/api.w.org\/{rel}","templated":true}]}}