{"id":6587,"date":"2025-11-06T20:28:02","date_gmt":"2025-11-06T18:28:02","guid":{"rendered":"https:\/\/m3sh.com\/prod-psu3000\/"},"modified":"2026-03-17T03:15:44","modified_gmt":"2026-03-17T01:15:44","slug":"prod-psu3000","status":"publish","type":"page","link":"https:\/\/m3sh.com\/pt-br\/prod-psu3000\/","title":{"rendered":"Prod: PSU3000"},"content":{"rendered":"<p>[et_pb_section fb_built=&#8221;1&#8243; custom_padding_last_edited=&#8221;on|phone&#8221; disabled_on=&#8221;on|off|off&#8221; admin_label=&#8221;Header&#8221; _builder_version=&#8221;4.27.6&#8243; _module_preset=&#8221;_initial&#8221; background_enable_color=&#8221;off&#8221; background_image=&#8221;https:\/\/m3sh.com\/wp-content\/uploads\/2025\/10\/ProduFeat3-scaled.png&#8221; custom_padding=&#8221;0vw||67px||false|false&#8221; custom_padding_tablet=&#8221;20vw||0px||false|false&#8221; custom_padding_phone=&#8221;20vw||0px||false|false&#8221; hover_enabled=&#8221;0&#8243; locked=&#8221;off&#8221; global_colors_info=&#8221;{}&#8221; sticky_enabled=&#8221;0&#8243;][et_pb_row column_structure=&#8221;1_2,1_2&#8243; _builder_version=&#8221;4.25.2&#8243; _module_preset=&#8221;_initial&#8221; width=&#8221;90%&#8221; max_width=&#8221;1500px&#8221; min_height=&#8221;296.2px&#8221; custom_margin=&#8221;|auto|-10px|auto||&#8221; custom_padding=&#8221;36px||19px|||&#8221; global_colors_info=&#8221;{}&#8221;][et_pb_column type=&#8221;1_2&#8243; _builder_version=&#8221;4.25.2&#8243; _module_preset=&#8221;_initial&#8221; global_colors_info=&#8221;{}&#8221;][et_pb_text _builder_version=&#8221;4.27.4&#8243; text_font=&#8221;Montserrat|500||on|||||&#8221; text_text_color=&#8221;#24AEE4&#8243; text_font_size=&#8221;16px&#8221; text_letter_spacing=&#8221;3px&#8221; background_size=&#8221;initial&#8221; background_position=&#8221;top_left&#8221; background_repeat=&#8221;repeat&#8221; custom_margin=&#8221;||12px|||&#8221; animation_direction=&#8221;bottom&#8221; locked=&#8221;off&#8221; global_colors_info=&#8221;{}&#8221;]<\/p>\n<p style=\"text-align: right;\">PROTE\u00c7\u00c3O DE MOTOR E FONTE DE ALIMENTA\u00c7\u00c3O<br \/><strong>FONTE DE ALIMENTA\u00c7\u00c3O &#8211; PSU3000<\/strong><\/p>\n<p>[\/et_pb_text][et_pb_heading title=&#8221;PSU3000&#8243; _builder_version=&#8221;4.27.4&#8243; _module_preset=&#8221;default&#8221; title_text_align=&#8221;right&#8221; title_text_color=&#8221;#FFFFFF&#8221; title_font_size=&#8221;66px&#8221; custom_margin=&#8221;||24px|||&#8221; custom_padding=&#8221;7px|0px||||&#8221; global_colors_info=&#8221;{}&#8221;][\/et_pb_heading][et_pb_text _builder_version=&#8221;4.27.4&#8243; _module_preset=&#8221;default&#8221; text_font=&#8221;&#8211;et_global_body_font||||||||&#8221; text_text_color=&#8221;#FFFFFF&#8221; text_font_size=&#8221;18px&#8221; text_line_height=&#8221;1.6em&#8221; custom_margin=&#8221;72px|||||&#8221; custom_padding=&#8221;15px|2px|0px|0px||&#8221; global_colors_info=&#8221;{}&#8221;]<\/p>\n<p style=\"text-align: center;\"><span>A <\/span><span><strong>s\u00e9rie M20<\/strong><\/span><span> \u00e9 o produto base das solu\u00e7\u00f5es de Rel\u00e9 de Prote\u00e7\u00e3o de Motores e oferece <\/span><strong>prote\u00e7\u00e3o multifuncional de motores<\/strong><span> e <\/span><strong>gerenciamento<\/strong> para todos os motores &#8211; independentemente do tamanho, capacidade, velocidade ou torque. <\/p>\n<p>[\/et_pb_text][\/et_pb_column][et_pb_column type=&#8221;1_2&#8243; _builder_version=&#8221;4.25.2&#8243; _module_preset=&#8221;_initial&#8221; global_colors_info=&#8221;{}&#8221;][et_pb_image src=&#8221;https:\/\/m3sh.com\/wp-content\/uploads\/2022\/06\/PSU3000RightView.png&#8221; alt=&#8221;Imagem do M550&#8243; title_text=&#8221;PSU3000RightView&#8221; _builder_version=&#8221;4.27.4&#8243; _module_preset=&#8221;default&#8221; width=&#8221;90%&#8221; max_width=&#8221;90%&#8221; custom_margin=&#8221;9px|||||&#8221; custom_padding=&#8221;||0px|130px||&#8221; global_colors_info=&#8221;{}&#8221;][\/et_pb_image][et_pb_button button_url=&#8221;https:\/\/m3sh.com\/pt-br\/solucoes\/&#8221; button_text=&#8221;VOLTAR PARA TODAS AS SOLU\u00c7\u00d5ES&#8221; button_alignment=&#8221;center&#8221; _builder_version=&#8221;4.27.4&#8243; _module_preset=&#8221;default&#8221; custom_button=&#8221;on&#8221; button_text_color=&#8221;#FFFFFF&#8221; button_bg_color=&#8221;#24AEE4&#8243; button_border_radius=&#8221;65px&#8221; custom_margin=&#8221;-58px|||-790px||&#8221; custom_padding=&#8221;|43px||23px||&#8221; global_colors_info=&#8221;{}&#8221;][\/et_pb_button][\/et_pb_column][\/et_pb_row][\/et_pb_section][et_pb_section fb_built=&#8221;1&#8243; disabled_on=&#8221;off|on|on&#8221; _builder_version=&#8221;4.27.6&#8243; _module_preset=&#8221;default&#8221; background_color=&#8221;#FFFFFF&#8221; background_image=&#8221;https:\/\/m3sh.com\/wp-content\/uploads\/2026\/03\/ProduFeat3Mobile-scaled.png&#8221; min_height=&#8221;179.5px&#8221; custom_margin=&#8221;2px|||||&#8221; custom_padding=&#8221;16px||66px|||&#8221; locked=&#8221;off&#8221; global_colors_info=&#8221;{}&#8221;][et_pb_row disabled_on=&#8221;off|on|on&#8221; _builder_version=&#8221;4.27.6&#8243; _module_preset=&#8221;default&#8221; custom_margin=&#8221;101px|auto||auto||&#8221; custom_padding=&#8221;17px|||||&#8221; global_colors_info=&#8221;{}&#8221;][et_pb_column type=&#8221;4_4&#8243; _builder_version=&#8221;4.27.6&#8243; _module_preset=&#8221;default&#8221; global_colors_info=&#8221;{}&#8221;][et_pb_text _builder_version=&#8221;4.27.6&#8243; text_font=&#8221;Montserrat|500||on|||||&#8221; text_text_color=&#8221;#24AEE4&#8243; text_font_size=&#8221;28px&#8221; text_letter_spacing=&#8221;3px&#8221; background_size=&#8221;initial&#8221; background_position=&#8221;top_left&#8221; background_repeat=&#8221;repeat&#8221; custom_margin=&#8221;||2px|||&#8221; animation_direction=&#8221;bottom&#8221; hover_enabled=&#8221;0&#8243; locked=&#8221;off&#8221; global_colors_info=&#8221;{}&#8221; sticky_enabled=&#8221;0&#8243;]<\/p>\n<p><img loading=\"lazy\" decoding=\"async\" src=\"https:\/\/m3sh.com\/wp-content\/uploads\/2026\/03\/motor-protection-icon-m.png\" width=\"71\" height=\"71\" alt=\"\" class=\"wp-image-7828 alignnone size-full\" style=\"display: block; margin-left: auto; margin-right: auto;\" srcset=\"https:\/\/m3sh.com\/wp-content\/uploads\/2026\/03\/motor-protection-icon-m.png 269w, https:\/\/m3sh.com\/wp-content\/uploads\/2026\/03\/motor-protection-icon-m-150x150.png 150w, https:\/\/m3sh.com\/wp-content\/uploads\/2026\/03\/motor-protection-icon-m-100x100.png 100w\" sizes=\"(max-width: 71px) 100vw, 71px\" \/><\/p>\n<p>[\/et_pb_text][et_pb_text _builder_version=&#8221;4.27.6&#8243; text_font=&#8221;Montserrat|500||on|||||&#8221; text_text_color=&#8221;#FFFFFF&#8221; text_font_size=&#8221;16px&#8221; text_letter_spacing=&#8221;3px&#8221; background_size=&#8221;initial&#8221; background_position=&#8221;top_left&#8221; background_repeat=&#8221;repeat&#8221; custom_margin=&#8221;||20px|||&#8221; animation_direction=&#8221;bottom&#8221; hover_enabled=&#8221;0&#8243; locked=&#8221;off&#8221; global_colors_info=&#8221;{}&#8221; sticky_enabled=&#8221;0&#8243;]<\/p>\n<p style=\"text-align: center;\"><strong>POWER SUPPLY<\/strong><\/p>\n<p>[\/et_pb_text][et_pb_text _builder_version=&#8221;4.27.6&#8243; text_font=&#8221;Montserrat|500||on|||||&#8221; text_text_color=&#8221;#24AEE4&#8243; text_font_size=&#8221;25px&#8221; text_letter_spacing=&#8221;3px&#8221; background_size=&#8221;initial&#8221; background_position=&#8221;top_left&#8221; background_repeat=&#8221;repeat&#8221; min_height=&#8221;28px&#8221; custom_margin=&#8221;||12px|||&#8221; custom_padding=&#8221;0px||0px|||&#8221; animation_direction=&#8221;bottom&#8221; hover_enabled=&#8221;0&#8243; locked=&#8221;off&#8221; global_colors_info=&#8221;{}&#8221; sticky_enabled=&#8221;0&#8243;]<\/p>\n<p style=\"text-align: center;\"><strong>PSU3000<\/strong><\/p>\n<p>[\/et_pb_text][et_pb_image src=&#8221;https:\/\/m3sh.com\/wp-content\/uploads\/2022\/06\/PSU3000RightView.png&#8221; alt=&#8221;IMG-Transponder-asset-tag&#8221; title_text=&#8221;PSU3000RightView&#8221; align=&#8221;center&#8221; _builder_version=&#8221;4.27.6&#8243; _module_preset=&#8221;default&#8221; hover_enabled=&#8221;0&#8243; global_colors_info=&#8221;{}&#8221; sticky_enabled=&#8221;0&#8243;][\/et_pb_image][et_pb_button button_url=&#8221;https:\/\/m3sh.com\/pt-br\/protecao-do-motor-e-fonte-de-alimentacao-movel\/&#8221; button_text=&#8221;BACK&#8221; button_alignment=&#8221;center&#8221; _builder_version=&#8221;4.27.6&#8243; _module_preset=&#8221;default&#8221; custom_button=&#8221;on&#8221; button_text_color=&#8221;#FFFFFF&#8221; button_bg_color=&#8221;#24AEE4&#8243; button_border_radius=&#8221;100px&#8221; custom_padding=&#8221;||8px|||&#8221; hover_enabled=&#8221;0&#8243; global_colors_info=&#8221;{}&#8221; sticky_enabled=&#8221;0&#8243;][\/et_pb_button][\/et_pb_column][\/et_pb_row][\/et_pb_section][et_pb_section fb_built=&#8221;1&#8243; _builder_version=&#8221;4.27.4&#8243; _module_preset=&#8221;default&#8221; background_color=&#8221;#FFFFFF&#8221; min_height=&#8221;172.5px&#8221; custom_margin=&#8221;-3px|||||&#8221; custom_padding=&#8221;16px||30px|||&#8221; global_colors_info=&#8221;{}&#8221;][et_pb_row _builder_version=&#8221;4.25.2&#8243; _module_preset=&#8221;_initial&#8221; width=&#8221;90%&#8221; max_width=&#8221;1500px&#8221; min_height=&#8221;327px&#8221; custom_margin=&#8221;2px|auto|29px|auto||&#8221; custom_padding=&#8221;15px||1px|||&#8221; global_colors_info=&#8221;{}&#8221;][et_pb_column type=&#8221;4_4&#8243; _builder_version=&#8221;4.25.2&#8243; _module_preset=&#8221;_initial&#8221; global_colors_info=&#8221;{}&#8221;][et_pb_tabs _builder_version=&#8221;4.27.4&#8243; _module_preset=&#8221;default&#8221; body_text_color=&#8221;#0A0A0A&#8221; custom_margin=&#8221;17px|||||&#8221; global_colors_info=&#8221;{}&#8221;][et_pb_tab title=&#8221;RECURSOS&#8221; _builder_version=&#8221;4.27.4&#8243; _module_preset=&#8221;default&#8221; tab_text_color=&#8221;#0A59A3&#8243; tab_font_size=&#8221;17px&#8221; global_colors_info=&#8221;{}&#8221;]<\/p>\n<h4>TENS\u00c3O DE ALIMENTA\u00c7\u00c3O<\/h4>\n<ul>\n<li>230VAC ou 110VAC<\/li>\n<\/ul>\n<h4>TENS\u00c3O DE SA\u00cdDA<\/h4>\n<ul>\n<li>14V<\/li>\n<\/ul>\n<h4>CORRENTE DE SA\u00cdDA<\/h4>\n<ul>\n<li>&lt;3A<\/li>\n<\/ul>\n<h4>CAPACIDADE DA BATERIA<\/h4>\n<ul>\n<li>6Ah<\/li>\n<\/ul>\n<p>[\/et_pb_tab][et_pb_tab title=&#8221;CONFORMIDADE E CLASSIFICA\u00c7\u00d5ES&#8221; _builder_version=&#8221;4.27.4&#8243; _module_preset=&#8221;default&#8221; tab_text_color=&#8221;#0A59A3&#8243; tab_font_size=&#8221;17px&#8221; global_colors_info=&#8221;{}&#8221;]<\/p>\n<ul>\n<li>Certifica\u00e7\u00e3o de Minera\u00e7\u00e3o e Superf\u00edcie (MASC) <\/li>\n<\/ul>\n<p><img loading=\"lazy\" decoding=\"async\" src=\"https:\/\/m3sh.com\/wp-content\/uploads\/2022\/05\/Icon-MASC.png\" width=\"105\" height=\"78\" alt=\"\" class=\"wp-image-3371 alignnone size-full\">    <\/p>\n<p>&nbsp;<\/p>\n<p>[\/et_pb_tab][et_pb_tab title=&#8221;APLICA\u00c7\u00c3O NA IND\u00daSTRIA&#8221; _builder_version=&#8221;4.27.4&#8243; _module_preset=&#8221;default&#8221; tab_text_color=&#8221;#0A59A3&#8243; tab_font_size=&#8221;17px&#8221; global_colors_info=&#8221;{}&#8221;]<\/p>\n<h4><span><strong data-start=\"431\" data-end=\"458\"> <img loading=\"lazy\" decoding=\"async\" src=\"https:\/\/m3sh.com\/wp-content\/uploads\/2025\/07\/mining-icon.png\" width=\"123\" height=\"136\" alt=\"\" class=\"wp-image-4233 alignnone size-full\"> <img loading=\"lazy\" decoding=\"async\" src=\"https:\/\/m3sh.com\/wp-content\/uploads\/2025\/07\/manufacturing-icon.png\" width=\"122\" height=\"130\" alt=\"\" class=\"wp-image-4232 alignnone size-full\"> <img loading=\"lazy\" decoding=\"async\" src=\"https:\/\/m3sh.com\/wp-content\/uploads\/2025\/07\/CONSTRUCTION-ICON.png\" width=\"122\" height=\"134\" alt=\"\" class=\"wp-image-4231 alignnone size-full\"> <img loading=\"lazy\" decoding=\"async\" src=\"https:\/\/m3sh.com\/wp-content\/uploads\/2025\/08\/AGRICULTURAL-ICON-BLACK.png\" width=\"122\" height=\"134\" alt=\"\" class=\"wp-image-4298 alignnone size-full\"><\/strong><\/span><\/h4>\n<p>&nbsp;<\/p>\n<p>[\/et_pb_tab][\/et_pb_tabs][\/et_pb_column][\/et_pb_row][\/et_pb_section]<\/p>\n","protected":false},"excerpt":{"rendered":"<p>PROTE\u00c7\u00c3O DE MOTOR E FONTE DE ALIMENTA\u00c7\u00c3OFONTE DE ALIMENTA\u00c7\u00c3O &#8211; PSU3000A s\u00e9rie M20 \u00e9 o produto base das solu\u00e7\u00f5es de Rel\u00e9 de Prote\u00e7\u00e3o de Motores e oferece prote\u00e7\u00e3o multifuncional de motores e gerenciamento para todos os motores &#8211; independentemente do tamanho, capacidade, velocidade ou torque. POWER SUPPLYPSU3000TENS\u00c3O DE ALIMENTA\u00c7\u00c3O 230VAC ou 110VAC TENS\u00c3O DE SA\u00cdDA [&hellip;]<\/p>\n","protected":false},"author":1,"featured_media":6586,"parent":0,"menu_order":0,"comment_status":"closed","ping_status":"closed","template":"","meta":{"_et_pb_use_builder":"on","_et_pb_old_content":"","_et_gb_content_width":"","footnotes":""},"class_list":["post-6587","page","type-page","status-publish","has-post-thumbnail","hentry"],"yoast_head":"<!-- This site is optimized with the Yoast SEO plugin v27.4 - https:\/\/yoast.com\/product\/yoast-seo-wordpress\/ -->\n<title>Fonte de Alimenta\u00e7\u00e3o DC 14V 3A M3sh PSU3000<\/title>\n<meta name=\"description\" content=\"A PSU3000 \u00e9 uma fonte de alimenta\u00e7\u00e3o DC 14V 3A inteligente com prote\u00e7\u00e3o contra sobrecorrente e curto-circuito. (Dispon\u00edvel com bateria de backup de 6Ah).\" \/>\n<meta name=\"robots\" content=\"index, follow, max-snippet:-1, max-image-preview:large, max-video-preview:-1\" \/>\n<link rel=\"canonical\" href=\"https:\/\/m3sh.com\/pt-br\/prod-psu3000\/\" \/>\n<meta property=\"og:locale\" content=\"pt_BR\" \/>\n<meta property=\"og:type\" content=\"article\" \/>\n<meta property=\"og:title\" content=\"Fonte de Alimenta\u00e7\u00e3o DC 14V 3A M3sh PSU3000\" \/>\n<meta property=\"og:description\" content=\"A PSU3000 \u00e9 uma fonte de alimenta\u00e7\u00e3o DC 14V 3A inteligente com prote\u00e7\u00e3o contra sobrecorrente e curto-circuito. (Dispon\u00edvel com bateria de backup de 6Ah).\" \/>\n<meta property=\"og:url\" content=\"https:\/\/m3sh.com\/pt-br\/prod-psu3000\/\" \/>\n<meta property=\"og:site_name\" content=\"M3SH\" \/>\n<meta property=\"article:modified_time\" content=\"2026-03-17T01:15:44+00:00\" \/>\n<meta property=\"og:image\" content=\"https:\/\/m3sh.com\/wp-content\/uploads\/2022\/06\/PSU3000RightView.png\" \/>\n\t<meta property=\"og:image:width\" content=\"1200\" \/>\n\t<meta property=\"og:image:height\" content=\"1200\" \/>\n\t<meta property=\"og:image:type\" content=\"image\/png\" \/>\n<meta name=\"twitter:card\" content=\"summary_large_image\" \/>\n<meta name=\"twitter:label1\" content=\"Est. tempo de leitura\" \/>\n\t<meta name=\"twitter:data1\" content=\"5 minutos\" \/>\n<script type=\"application\/ld+json\" class=\"yoast-schema-graph\">{\"@context\":\"https:\\\/\\\/schema.org\",\"@graph\":[{\"@type\":\"WebPage\",\"@id\":\"https:\\\/\\\/m3sh.com\\\/pt-br\\\/prod-psu3000\\\/\",\"url\":\"https:\\\/\\\/m3sh.com\\\/pt-br\\\/prod-psu3000\\\/\",\"name\":\"Fonte de Alimenta\u00e7\u00e3o DC 14V 3A M3sh PSU3000\",\"isPartOf\":{\"@id\":\"http:\\\/\\\/m3sh.com\\\/pt-br\\\/#website\"},\"primaryImageOfPage\":{\"@id\":\"https:\\\/\\\/m3sh.com\\\/pt-br\\\/prod-psu3000\\\/#primaryimage\"},\"image\":{\"@id\":\"https:\\\/\\\/m3sh.com\\\/pt-br\\\/prod-psu3000\\\/#primaryimage\"},\"thumbnailUrl\":\"https:\\\/\\\/m3sh.com\\\/wp-content\\\/uploads\\\/2022\\\/06\\\/PSU3000RightView.png\",\"datePublished\":\"2025-11-06T18:28:02+00:00\",\"dateModified\":\"2026-03-17T01:15:44+00:00\",\"description\":\"A PSU3000 \u00e9 uma fonte de alimenta\u00e7\u00e3o DC 14V 3A inteligente com prote\u00e7\u00e3o contra sobrecorrente e curto-circuito. (Dispon\u00edvel com bateria de backup de 6Ah).\",\"breadcrumb\":{\"@id\":\"https:\\\/\\\/m3sh.com\\\/pt-br\\\/prod-psu3000\\\/#breadcrumb\"},\"inLanguage\":\"pt-BR\",\"potentialAction\":[{\"@type\":\"ReadAction\",\"target\":[\"https:\\\/\\\/m3sh.com\\\/pt-br\\\/prod-psu3000\\\/\"]}]},{\"@type\":\"ImageObject\",\"inLanguage\":\"pt-BR\",\"@id\":\"https:\\\/\\\/m3sh.com\\\/pt-br\\\/prod-psu3000\\\/#primaryimage\",\"url\":\"https:\\\/\\\/m3sh.com\\\/wp-content\\\/uploads\\\/2022\\\/06\\\/PSU3000RightView.png\",\"contentUrl\":\"https:\\\/\\\/m3sh.com\\\/wp-content\\\/uploads\\\/2022\\\/06\\\/PSU3000RightView.png\",\"width\":1200,\"height\":1200},{\"@type\":\"BreadcrumbList\",\"@id\":\"https:\\\/\\\/m3sh.com\\\/pt-br\\\/prod-psu3000\\\/#breadcrumb\",\"itemListElement\":[{\"@type\":\"ListItem\",\"position\":1,\"name\":\"Home\",\"item\":\"https:\\\/\\\/m3sh.com\\\/pt-br\\\/inicio\\\/\"},{\"@type\":\"ListItem\",\"position\":2,\"name\":\"Prod: PSU3000\"}]},{\"@type\":\"WebSite\",\"@id\":\"http:\\\/\\\/m3sh.com\\\/pt-br\\\/#website\",\"url\":\"http:\\\/\\\/m3sh.com\\\/pt-br\\\/\",\"name\":\"M3SH\",\"description\":\"We set the standard\",\"publisher\":{\"@id\":\"http:\\\/\\\/m3sh.com\\\/pt-br\\\/#organization\"},\"potentialAction\":[{\"@type\":\"SearchAction\",\"target\":{\"@type\":\"EntryPoint\",\"urlTemplate\":\"http:\\\/\\\/m3sh.com\\\/pt-br\\\/?s={search_term_string}\"},\"query-input\":{\"@type\":\"PropertyValueSpecification\",\"valueRequired\":true,\"valueName\":\"search_term_string\"}}],\"inLanguage\":\"pt-BR\"},{\"@type\":\"Organization\",\"@id\":\"http:\\\/\\\/m3sh.com\\\/pt-br\\\/#organization\",\"name\":\"M3SH Technology\",\"url\":\"http:\\\/\\\/m3sh.com\\\/pt-br\\\/\",\"logo\":{\"@type\":\"ImageObject\",\"inLanguage\":\"pt-BR\",\"@id\":\"http:\\\/\\\/m3sh.com\\\/pt-br\\\/#\\\/schema\\\/logo\\\/image\\\/\",\"url\":\"https:\\\/\\\/m3sh.com\\\/wp-content\\\/uploads\\\/2023\\\/11\\\/M3SH-Logo.png\",\"contentUrl\":\"https:\\\/\\\/m3sh.com\\\/wp-content\\\/uploads\\\/2023\\\/11\\\/M3SH-Logo.png\",\"width\":574,\"height\":233,\"caption\":\"M3SH Technology\"},\"image\":{\"@id\":\"http:\\\/\\\/m3sh.com\\\/pt-br\\\/#\\\/schema\\\/logo\\\/image\\\/\"},\"sameAs\":[\"https:\\\/\\\/www.linkedin.com\\\/company\\\/m3sh-technology\\\/\"]}]}<\/script>\n<!-- \/ Yoast SEO plugin. -->","yoast_head_json":{"title":"Fonte de Alimenta\u00e7\u00e3o DC 14V 3A M3sh PSU3000","description":"A PSU3000 \u00e9 uma fonte de alimenta\u00e7\u00e3o DC 14V 3A inteligente com prote\u00e7\u00e3o contra sobrecorrente e curto-circuito. (Dispon\u00edvel com bateria de backup de 6Ah).","robots":{"index":"index","follow":"follow","max-snippet":"max-snippet:-1","max-image-preview":"max-image-preview:large","max-video-preview":"max-video-preview:-1"},"canonical":"https:\/\/m3sh.com\/pt-br\/prod-psu3000\/","og_locale":"pt_BR","og_type":"article","og_title":"Fonte de Alimenta\u00e7\u00e3o DC 14V 3A M3sh PSU3000","og_description":"A PSU3000 \u00e9 uma fonte de alimenta\u00e7\u00e3o DC 14V 3A inteligente com prote\u00e7\u00e3o contra sobrecorrente e curto-circuito. (Dispon\u00edvel com bateria de backup de 6Ah).","og_url":"https:\/\/m3sh.com\/pt-br\/prod-psu3000\/","og_site_name":"M3SH","article_modified_time":"2026-03-17T01:15:44+00:00","og_image":[{"width":1200,"height":1200,"url":"https:\/\/m3sh.com\/wp-content\/uploads\/2022\/06\/PSU3000RightView.png","type":"image\/png"}],"twitter_card":"summary_large_image","twitter_misc":{"Est. tempo de leitura":"5 minutos"},"schema":{"@context":"https:\/\/schema.org","@graph":[{"@type":"WebPage","@id":"https:\/\/m3sh.com\/pt-br\/prod-psu3000\/","url":"https:\/\/m3sh.com\/pt-br\/prod-psu3000\/","name":"Fonte de Alimenta\u00e7\u00e3o DC 14V 3A M3sh PSU3000","isPartOf":{"@id":"http:\/\/m3sh.com\/pt-br\/#website"},"primaryImageOfPage":{"@id":"https:\/\/m3sh.com\/pt-br\/prod-psu3000\/#primaryimage"},"image":{"@id":"https:\/\/m3sh.com\/pt-br\/prod-psu3000\/#primaryimage"},"thumbnailUrl":"https:\/\/m3sh.com\/wp-content\/uploads\/2022\/06\/PSU3000RightView.png","datePublished":"2025-11-06T18:28:02+00:00","dateModified":"2026-03-17T01:15:44+00:00","description":"A PSU3000 \u00e9 uma fonte de alimenta\u00e7\u00e3o DC 14V 3A inteligente com prote\u00e7\u00e3o contra sobrecorrente e curto-circuito. (Dispon\u00edvel com bateria de backup de 6Ah).","breadcrumb":{"@id":"https:\/\/m3sh.com\/pt-br\/prod-psu3000\/#breadcrumb"},"inLanguage":"pt-BR","potentialAction":[{"@type":"ReadAction","target":["https:\/\/m3sh.com\/pt-br\/prod-psu3000\/"]}]},{"@type":"ImageObject","inLanguage":"pt-BR","@id":"https:\/\/m3sh.com\/pt-br\/prod-psu3000\/#primaryimage","url":"https:\/\/m3sh.com\/wp-content\/uploads\/2022\/06\/PSU3000RightView.png","contentUrl":"https:\/\/m3sh.com\/wp-content\/uploads\/2022\/06\/PSU3000RightView.png","width":1200,"height":1200},{"@type":"BreadcrumbList","@id":"https:\/\/m3sh.com\/pt-br\/prod-psu3000\/#breadcrumb","itemListElement":[{"@type":"ListItem","position":1,"name":"Home","item":"https:\/\/m3sh.com\/pt-br\/inicio\/"},{"@type":"ListItem","position":2,"name":"Prod: PSU3000"}]},{"@type":"WebSite","@id":"http:\/\/m3sh.com\/pt-br\/#website","url":"http:\/\/m3sh.com\/pt-br\/","name":"M3SH","description":"We set the standard","publisher":{"@id":"http:\/\/m3sh.com\/pt-br\/#organization"},"potentialAction":[{"@type":"SearchAction","target":{"@type":"EntryPoint","urlTemplate":"http:\/\/m3sh.com\/pt-br\/?s={search_term_string}"},"query-input":{"@type":"PropertyValueSpecification","valueRequired":true,"valueName":"search_term_string"}}],"inLanguage":"pt-BR"},{"@type":"Organization","@id":"http:\/\/m3sh.com\/pt-br\/#organization","name":"M3SH Technology","url":"http:\/\/m3sh.com\/pt-br\/","logo":{"@type":"ImageObject","inLanguage":"pt-BR","@id":"http:\/\/m3sh.com\/pt-br\/#\/schema\/logo\/image\/","url":"https:\/\/m3sh.com\/wp-content\/uploads\/2023\/11\/M3SH-Logo.png","contentUrl":"https:\/\/m3sh.com\/wp-content\/uploads\/2023\/11\/M3SH-Logo.png","width":574,"height":233,"caption":"M3SH Technology"},"image":{"@id":"http:\/\/m3sh.com\/pt-br\/#\/schema\/logo\/image\/"},"sameAs":["https:\/\/www.linkedin.com\/company\/m3sh-technology\/"]}]}},"_links":{"self":[{"href":"https:\/\/m3sh.com\/pt-br\/wp-json\/wp\/v2\/pages\/6587","targetHints":{"allow":["GET"]}}],"collection":[{"href":"https:\/\/m3sh.com\/pt-br\/wp-json\/wp\/v2\/pages"}],"about":[{"href":"https:\/\/m3sh.com\/pt-br\/wp-json\/wp\/v2\/types\/page"}],"author":[{"embeddable":true,"href":"https:\/\/m3sh.com\/pt-br\/wp-json\/wp\/v2\/users\/1"}],"replies":[{"embeddable":true,"href":"https:\/\/m3sh.com\/pt-br\/wp-json\/wp\/v2\/comments?post=6587"}],"version-history":[{"count":8,"href":"https:\/\/m3sh.com\/pt-br\/wp-json\/wp\/v2\/pages\/6587\/revisions"}],"predecessor-version":[{"id":7907,"href":"https:\/\/m3sh.com\/pt-br\/wp-json\/wp\/v2\/pages\/6587\/revisions\/7907"}],"wp:featuredmedia":[{"embeddable":true,"href":"https:\/\/m3sh.com\/pt-br\/wp-json\/wp\/v2\/media\/6586"}],"wp:attachment":[{"href":"https:\/\/m3sh.com\/pt-br\/wp-json\/wp\/v2\/media?parent=6587"}],"curies":[{"name":"wp","href":"https:\/\/api.w.org\/{rel}","templated":true}]}}