{"id":6989,"date":"2026-03-12T00:24:40","date_gmt":"2026-03-11T22:24:40","guid":{"rendered":"https:\/\/m3sh.com\/sistemas-medicos-moveis\/"},"modified":"2026-03-26T17:28:18","modified_gmt":"2026-03-26T15:28:18","slug":"sistemas-medicos-moveis","status":"publish","type":"page","link":"https:\/\/m3sh.com\/pt-br\/sistemas-medicos-moveis\/","title":{"rendered":"Sistemas M\u00e9dicos M\u00f3veis"},"content":{"rendered":"<p>[et_pb_section fb_built=&#8221;1&#8243; custom_padding_last_edited=&#8221;on|phone&#8221; disabled_on=&#8221;on|off|off&#8221; admin_label=&#8221;Header&#8221; _builder_version=&#8221;4.27.6&#8243; _module_preset=&#8221;_initial&#8221; background_enable_color=&#8221;off&#8221; background_image=&#8221;https:\/\/m3sh.com\/wp-content\/uploads\/2024\/08\/m3sh-background-30-darker.png&#8221; custom_padding=&#8221;0vw||76px||false|false&#8221; custom_padding_tablet=&#8221;20vw||0px||false|false&#8221; custom_padding_phone=&#8221;20vw||70px||false|false&#8221; hover_enabled=&#8221;0&#8243; locked=&#8221;off&#8221; global_colors_info=&#8221;{}&#8221; sticky_enabled=&#8221;0&#8243;][et_pb_row _builder_version=&#8221;4.25.2&#8243; _module_preset=&#8221;_initial&#8221; width=&#8221;90%&#8221; max_width=&#8221;1500px&#8221; custom_padding=&#8221;69px|||||&#8221; global_colors_info=&#8221;{}&#8221;][et_pb_column type=&#8221;4_4&#8243; _builder_version=&#8221;4.25.2&#8243; _module_preset=&#8221;_initial&#8221; global_colors_info=&#8221;{}&#8221;][et_pb_text _builder_version=&#8221;4.27.6&#8243; text_font=&#8221;Montserrat|500||on|||||&#8221; text_text_color=&#8221;#24AEE4&#8243; text_font_size=&#8221;16px&#8221; text_letter_spacing=&#8221;3px&#8221; background_size=&#8221;initial&#8221; background_position=&#8221;top_left&#8221; background_repeat=&#8221;repeat&#8221; custom_margin=&#8221;||12px|||&#8221; animation_direction=&#8221;bottom&#8221; locked=&#8221;off&#8221; global_colors_info=&#8221;{}&#8221;]<\/p>\n<p style=\"text-align: center;\">SA\u00daDE POTENCIALIZADA PELA TECNOLOGIA<\/p>\n<p>[\/et_pb_text][et_pb_heading title=&#8221;SISTEMAS M\u00c9DICOS&#8221; _builder_version=&#8221;4.27.6&#8243; _module_preset=&#8221;default&#8221; title_text_align=&#8221;center&#8221; title_text_color=&#8221;#FFFFFF&#8221; title_font_size=&#8221;31px&#8221; custom_margin=&#8221;||24px|||&#8221; global_colors_info=&#8221;{}&#8221;][\/et_pb_heading][\/et_pb_column][\/et_pb_row][et_pb_row column_structure=&#8221;1_2,1_2&#8243; use_custom_gutter=&#8221;on&#8221; gutter_width=&#8221;2&#8243; _builder_version=&#8221;4.25.2&#8243; _module_preset=&#8221;_initial&#8221; width=&#8221;90%&#8221; max_width=&#8221;1500px&#8221; custom_margin=&#8221;-29px|auto||auto||&#8221; custom_padding=&#8221;||5px|||&#8221; locked=&#8221;off&#8221; global_colors_info=&#8221;{}&#8221;][et_pb_column type=&#8221;1_2&#8243; _builder_version=&#8221;4.27.4&#8243; _module_preset=&#8221;default&#8221; global_colors_info=&#8221;{}&#8221;][et_pb_image src=&#8221;https:\/\/m3sh.com\/wp-content\/uploads\/2025\/07\/MEDICAL-ICON-SOLUTIONS.png&#8221; title_text=&#8221;SOLU\u00c7\u00d5ES DE \u00cdCONES M\u00c9DICOS&#8221; align=&#8221;center&#8221; _builder_version=&#8221;4.27.6&#8243; _module_preset=&#8221;default&#8221; width=&#8221;50%&#8221; max_width=&#8221;50%&#8221; custom_margin=&#8221;-5px|||||&#8221; custom_padding=&#8221;20px|||||&#8221; global_colors_info=&#8221;{}&#8221;][\/et_pb_image][\/et_pb_column][et_pb_column type=&#8221;1_2&#8243; _builder_version=&#8221;4.25.2&#8243; _module_preset=&#8221;_initial&#8221; global_colors_info=&#8221;{}&#8221;][et_pb_text _builder_version=&#8221;4.27.6&#8243; _module_preset=&#8221;default&#8221; text_font=&#8221;&#8211;et_global_body_font||||||||&#8221; text_text_color=&#8221;#FFFFFF&#8221; text_font_size=&#8221;18px&#8221; text_line_height=&#8221;1.6em&#8221; custom_padding=&#8221;24px|15px||0px||&#8221; global_colors_info=&#8221;{}&#8221;]<\/p>\n<p><span style=\"font-size: small;\"><b>Experimente <\/b>o poder transformador da tecnologia de ponta: tratamento eletr\u00f4nico acess\u00edvel e indolor com o ETMD R-Pulse, para tratar uma ampla gama de <strong>doen\u00e7as, v\u00edrus, bact\u00e9rias,<\/strong> e at\u00e9 <strong>c\u00e9lulas cancerosas.<\/strong> <\/span><strong> <\/strong><\/p>\n<p>&nbsp;<\/p>\n<p>[\/et_pb_text][\/et_pb_column][\/et_pb_row][\/et_pb_section][et_pb_section fb_built=&#8221;1&#8243; disabled_on=&#8221;off|on|on&#8221; admin_label=&#8221;Hero&#8221; _builder_version=&#8221;4.27.4&#8243; background_color=&#8221;#fcd21d&#8221; background_image=&#8221;https:\/\/m3sh.com\/wp-content\/uploads\/2024\/08\/m3sh-background-30-darker.png&#8221; custom_margin=&#8221;105px|||||&#8221; custom_padding=&#8221;11px||60px|||&#8221; animation_style=&#8221;zoom&#8221; animation_intensity_zoom=&#8221;4%&#8221; locked=&#8221;off&#8221; global_colors_info=&#8221;{}&#8221;][et_pb_row _builder_version=&#8221;4.16&#8243; background_size=&#8221;initial&#8221; background_position=&#8221;top_left&#8221; background_repeat=&#8221;repeat&#8221; custom_margin=&#8221;62px|auto||auto||&#8221; custom_padding=&#8221;0px|||||&#8221; animation_style=&#8221;slide&#8221; animation_direction=&#8221;top&#8221; animation_intensity_slide=&#8221;3%&#8221; global_colors_info=&#8221;{}&#8221;][et_pb_column type=&#8221;4_4&#8243; _builder_version=&#8221;4.16&#8243; custom_padding=&#8221;|||&#8221; global_colors_info=&#8221;{}&#8221; custom_padding__hover=&#8221;|||&#8221;][et_pb_image src=&#8221;https:\/\/m3sh.com\/wp-content\/uploads\/2026\/02\/MEDIAL-ICON-V3.png&#8221; title_text=&#8221;MEDIAL ICON V3&#8243; align=&#8221;center&#8221; _builder_version=&#8221;4.27.6&#8243; _module_preset=&#8221;default&#8221; width=&#8221;24%&#8221; max_width=&#8221;24%&#8221; custom_margin=&#8221;-5px|||||&#8221; custom_padding=&#8221;20px|||||&#8221; hover_enabled=&#8221;0&#8243; global_colors_info=&#8221;{}&#8221; sticky_enabled=&#8221;0&#8243;][\/et_pb_image][et_pb_text _builder_version=&#8221;4.27.6&#8243; text_font=&#8221;Montserrat|500||on|||||&#8221; text_text_color=&#8221;#24AEE4&#8243; text_font_size=&#8221;9px&#8221; text_letter_spacing=&#8221;3px&#8221; background_size=&#8221;initial&#8221; background_position=&#8221;top_left&#8221; background_repeat=&#8221;repeat&#8221; custom_margin=&#8221;||31px|||&#8221; animation_style=&#8221;slide&#8221; animation_direction=&#8221;bottom&#8221; hover_enabled=&#8221;0&#8243; locked=&#8221;off&#8221; global_colors_info=&#8221;{}&#8221; sticky_enabled=&#8221;0&#8243;]<\/p>\n<p style=\"text-align: center;\">HEALTH POWERED BY TECHNOLOGY<\/p>\n<p>[\/et_pb_text][et_pb_heading title=&#8221;SISTEMAS M\u00c9DICOS&#8221; _builder_version=&#8221;4.27.6&#8243; _module_preset=&#8221;default&#8221; title_text_align=&#8221;center&#8221; title_text_color=&#8221;#FFFFFF&#8221; title_font_size=&#8221;26px&#8221; custom_margin=&#8221;||38px|||&#8221; hover_enabled=&#8221;0&#8243; global_colors_info=&#8221;{}&#8221; sticky_enabled=&#8221;0&#8243;][\/et_pb_heading][et_pb_heading title=&#8221;R-PULSE ETMD&#8221; _builder_version=&#8221;4.27.6&#8243; _module_preset=&#8221;default&#8221; title_text_align=&#8221;left&#8221; title_text_color=&#8221;#24AEE4&#8243; title_font_size=&#8221;18px&#8221; custom_margin=&#8221;||18px|||&#8221; hover_enabled=&#8221;0&#8243; global_colors_info=&#8221;{}&#8221; sticky_enabled=&#8221;0&#8243; custom_padding=&#8221;||30px|||&#8221;][\/et_pb_heading][et_pb_toggle title=&#8221;R-PULSE&#8221; open_toggle_text_color=&#8221;#0A59A3&#8243; icon_color=&#8221;#0A59A3&#8243; _builder_version=&#8221;4.27.6&#8243; _module_preset=&#8221;default&#8221; title_font_size=&#8221;16px&#8221; min_height=&#8221;60px&#8221; custom_margin=&#8221;-31px|||||&#8221; custom_padding=&#8221;22px||12px|||&#8221; hover_enabled=&#8221;0&#8243; locked=&#8221;off&#8221; global_colors_info=&#8221;{}&#8221; sticky_enabled=&#8221;0&#8243;]<\/p>\n<p><img loading=\"lazy\" decoding=\"async\" src=\"https:\/\/m3sh.com\/wp-content\/uploads\/2025\/08\/ETMD_AS2-Edit1_Cjvr.png\" width=\"237\" height=\"272\" alt=\"\" class=\"wp-image-4423 alignnone size-medium\" \/><\/p>\n<div>\n<p>&nbsp;<\/p>\n<div>Viruses, bacteria, and cancer cells emit unique electrical impulses with distinct frequencies. The <span style=\"color: #000080;\"><b>R-Pulse Electro-magnetic treatment device<\/b><\/span> leverages this understanding through radionics, a groundbreaking approach that matches these frequencies. By sending an electrical stimulation identical to the electromagnetic frequency of the targeted virus, bacteria, or cancerous cell, ETMD offers a painless, non-invasive treatment that aims to effectively<strong> destroy viruses, bacteria, and cancer cells\u00a0<\/strong>with no negative side-effects.<\/div>\n<\/div>\n<ul><\/ul>\n<p>[\/et_pb_toggle][et_pb_toggle title=&#8221;APLICA\u00c7\u00c3O NA IND\u00daSTRIA&#8221; open_toggle_text_color=&#8221;#0A59A3&#8243; icon_color=&#8221;#0A59A3&#8243; _builder_version=&#8221;4.27.4&#8243; _module_preset=&#8221;default&#8221; title_font_size=&#8221;16px&#8221; min_height=&#8221;60px&#8221; custom_margin=&#8221;-31px|||||&#8221; custom_padding=&#8221;22px||12px|||&#8221; locked=&#8221;off&#8221; global_colors_info=&#8221;{}&#8221;]<\/p>\n<p><img loading=\"lazy\" decoding=\"async\" src=\"https:\/\/m3sh.com\/wp-content\/uploads\/2025\/08\/MEDICAL.png\" width=\"112\" height=\"123\" alt=\"\" class=\"wp-image-4466 alignnone size-full\"><\/p>\n<p>[\/et_pb_toggle][et_pb_toggle title=&#8221;VIS\u00c3O GERAL&#8221; open_toggle_text_color=&#8221;#0A59A3&#8243; icon_color=&#8221;#0A59A3&#8243; _builder_version=&#8221;4.27.4&#8243; _module_preset=&#8221;default&#8221; title_font_size=&#8221;16px&#8221; min_height=&#8221;60px&#8221; custom_margin=&#8221;-31px|||||&#8221; custom_padding=&#8221;22px||12px|||&#8221; locked=&#8221;off&#8221; global_colors_info=&#8221;{}&#8221;]<\/p>\n<h6>350+ TRATAMENTOS<\/h6>\n<ul>\n<li><span>O R-Pulse utiliza uma combina\u00e7\u00e3o exclusiva de frequ\u00eancias para tratar mais de 350 condi\u00e7\u00f5es\/doen\u00e7as e enfermidades <\/span><span><\/span><\/li>\n<\/ul>\n<h6>N\u00c3O INVASIVO &amp; INDOLOR<\/h6>\n<ul>\n<li>O R-Pulse oferece op\u00e7\u00f5es de tratamento n\u00e3o invasivas e o uso n\u00e3o causar\u00e1 dor nem efeitos colaterais<\/li>\n<\/ul>\n<h6>TRATAMENTOS DIRECIONADOS<\/h6>\n<ul>\n<li>Para cada condi\u00e7\u00e3o\/doen\u00e7a\/enfermidade, o R-Pulse possui uma combina\u00e7\u00e3o exclusiva de frequ\u00eancias<\/li>\n<\/ul>\n<ul><\/ul>\n<p>[\/et_pb_toggle][\/et_pb_column][\/et_pb_row][\/et_pb_section][et_pb_section fb_built=&#8221;1&#8243; admin_label=&#8221;Service Section&#8221; _builder_version=&#8221;4.27.6&#8243; background_color=&#8221;rgba(36,174,228,0.34)&#8221; background_enable_image=&#8221;off&#8221; custom_margin=&#8221;|||&#8221; custom_padding=&#8221;43px||14px|||&#8221; hover_enabled=&#8221;0&#8243; locked=&#8221;off&#8221; global_colors_info=&#8221;{}&#8221; disabled_on=&#8221;on|off|off&#8221; sticky_enabled=&#8221;0&#8243;][et_pb_row column_structure=&#8221;1_2,1_2&#8243; _builder_version=&#8221;4.27.4&#8243; _module_preset=&#8221;default&#8221; custom_padding=&#8221;15px|||||&#8221; global_colors_info=&#8221;{}&#8221;][et_pb_column type=&#8221;1_2&#8243; _builder_version=&#8221;4.27.4&#8243; _module_preset=&#8221;default&#8221; global_colors_info=&#8221;{}&#8221;][et_pb_image src=&#8221;https:\/\/m3sh.com\/wp-content\/uploads\/2026\/03\/ETMD-icon.png&#8221; title_text=&#8221;\u00cdcone ETMD&#8221; align=&#8221;center&#8221; _builder_version=&#8221;4.27.6&#8243; _module_preset=&#8221;default&#8221; width=&#8221;29%&#8221; max_width=&#8221;29%&#8221; custom_margin=&#8221;|28px||114px||&#8221; global_colors_info=&#8221;{}&#8221;][\/et_pb_image][\/et_pb_column][et_pb_column type=&#8221;1_2&#8243; _builder_version=&#8221;4.27.4&#8243; _module_preset=&#8221;default&#8221; global_colors_info=&#8221;{}&#8221;][et_pb_heading title=&#8221;ETMD R-PULSE&#8221; _builder_version=&#8221;4.27.6&#8243; _module_preset=&#8221;default&#8221; title_text_align=&#8221;center&#8221; title_text_color=&#8221;gcid-3a3343f9-13ac-49ee-bd5a-0c7c5330f1e8&#8243; custom_margin=&#8221;-19px|||1px||&#8221; custom_padding=&#8221;22px|||||&#8221; global_colors_info=&#8221;{%22gcid-3a3343f9-13ac-49ee-bd5a-0c7c5330f1e8%22:%91%22title_text_color%22%93}&#8221;][\/et_pb_heading][et_pb_text _builder_version=&#8221;4.27.6&#8243; text_font=&#8221;Montserrat|500||on|||||&#8221; text_text_color=&#8221;#24AEE4&#8243; text_font_size=&#8221;16px&#8221; text_letter_spacing=&#8221;3px&#8221; background_size=&#8221;initial&#8221; background_position=&#8221;top_left&#8221; background_repeat=&#8221;repeat&#8221; custom_margin=&#8221;||12px|1px||&#8221; custom_padding=&#8221;||1px|||&#8221; animation_direction=&#8221;bottom&#8221; locked=&#8221;off&#8221; global_colors_info=&#8221;{}&#8221;]<\/p>\n<p style=\"text-align: center;\">TRATAMENTO INDOLOR E DIRECIONADO<\/p>\n<p>[\/et_pb_text][\/et_pb_column][\/et_pb_row][et_pb_row use_custom_gutter=&#8221;on&#8221; gutter_width=&#8221;2&#8243; make_equal=&#8221;on&#8221; admin_label=&#8221;Servi\u00e7os&#8221; _builder_version=&#8221;4.16&#8243; max_width=&#8221;80%&#8221; custom_margin=&#8221;|auto|92px|auto||&#8221; custom_padding=&#8221;25px||25px|&#8221; use_custom_width=&#8221;on&#8221; width_unit=&#8221;off&#8221; global_colors_info=&#8221;{}&#8221;][et_pb_column type=&#8221;4_4&#8243; _builder_version=&#8221;4.16&#8243; custom_padding=&#8221;|||&#8221; global_colors_info=&#8221;{}&#8221; custom_padding__hover=&#8221;|||&#8221;][et_pb_blurb title=&#8221;R-PULSE&#8221; alt=&#8221;DPM50_Image_Angle&#8221; image_icon_width=&#8221;60px&#8221; _builder_version=&#8221;4.27.4&#8243; header_font=&#8221;Montserrat|on|||&#8221; header_text_color=&#8221;#01012c&#8221; header_font_size=&#8221;16px&#8221; header_line_height=&#8221;1.4em&#8221; body_font=&#8221;Montserrat||||&#8221; body_text_color=&#8221;#747d88&#8243; body_line_height=&#8221;1.8em&#8221; background_color=&#8221;#FFFFFF&#8221; text_orientation=&#8221;center&#8221; custom_padding=&#8221;30px|30px|73px|30px|false|false&#8221; border_width_all=&#8221;0px&#8221; border_color_all=&#8221;#dddddd&#8221; border_style_all=&#8221;solid&#8221; box_shadow_style=&#8221;preset3&#8243; use_border_color=&#8221;on&#8221; border_color=&#8221;#dddddd&#8221; icon_font_size=&#8221;60px&#8221; locked=&#8221;off&#8221; global_colors_info=&#8221;{}&#8221;]<\/p>\n<p><img loading=\"lazy\" decoding=\"async\" src=\"https:\/\/m3sh.com\/wp-content\/uploads\/2025\/08\/ETMD_AS2-Edit1_Cjvr.png\" width=\"237\" height=\"272\" alt=\"\" class=\"wp-image-4423 alignnone size-medium\" \/><\/p>\n<div>\n<p>&nbsp;<\/p>\n<div>Viruses, bacteria, and cancer cells emit unique electrical impulses with distinct frequencies. The <span style=\"color: #000080;\"><b>R-Pulse Electro-magnetic treatment device<\/b><\/span> leverages this understanding through radionics, a groundbreaking approach that matches these frequencies. By sending an electrical stimulation identical to the electromagnetic frequency of the targeted virus, bacteria, or cancerous cell, ETMD offers a painless, non-invasive treatment that aims to effectively<strong> destroy viruses, bacteria, and cancer cells\u00a0<\/strong>with no negative side-effects.<\/div>\n<\/div>\n<p>[\/et_pb_blurb][et_pb_toggle title=&#8221;VIS\u00c3O GERAL&#8221; open_toggle_text_color=&#8221;#0A59A3&#8243; icon_color=&#8221;#0A59A3&#8243; _builder_version=&#8221;4.27.4&#8243; _module_preset=&#8221;default&#8221; title_font_size=&#8221;16px&#8221; min_height=&#8221;60px&#8221; custom_margin=&#8221;-31px|||||&#8221; custom_padding=&#8221;22px||12px|||&#8221; locked=&#8221;off&#8221; global_colors_info=&#8221;{}&#8221;]<\/p>\n<h6>350+ TRATAMENTOS<\/h6>\n<ul>\n<li><span>O R-Pulse utiliza uma combina\u00e7\u00e3o exclusiva de frequ\u00eancias para tratar mais de 350 condi\u00e7\u00f5es\/doen\u00e7as e enfermidades <\/span><span><\/span><\/li>\n<\/ul>\n<h6>N\u00c3O INVASIVO &amp; INDOLOR<\/h6>\n<ul>\n<li>O R-Pulse oferece op\u00e7\u00f5es de tratamento n\u00e3o invasivas e o uso n\u00e3o causar\u00e1 dor nem efeitos colaterais<\/li>\n<\/ul>\n<h6>TRATAMENTOS DIRECIONADOS<\/h6>\n<ul>\n<li>Para cada condi\u00e7\u00e3o\/doen\u00e7a\/enfermidade, o R-Pulse possui uma combina\u00e7\u00e3o exclusiva de frequ\u00eancias<\/li>\n<\/ul>\n<ul><\/ul>\n<p>[\/et_pb_toggle][et_pb_toggle title=&#8221;APLICA\u00c7\u00c3O NA IND\u00daSTRIA&#8221; open_toggle_text_color=&#8221;#0A59A3&#8243; icon_color=&#8221;#0A59A3&#8243; _builder_version=&#8221;4.27.4&#8243; _module_preset=&#8221;default&#8221; title_font_size=&#8221;16px&#8221; min_height=&#8221;60px&#8221; custom_margin=&#8221;-31px|||||&#8221; custom_padding=&#8221;22px||12px|||&#8221; locked=&#8221;off&#8221; global_colors_info=&#8221;{}&#8221;]<\/p>\n<p><img loading=\"lazy\" decoding=\"async\" src=\"https:\/\/m3sh.com\/wp-content\/uploads\/2025\/08\/MEDICAL.png\" width=\"112\" height=\"123\" alt=\"\" class=\"wp-image-4466 alignnone size-full\"><\/p>\n<p>[\/et_pb_toggle][\/et_pb_column][\/et_pb_row][\/et_pb_section]<\/p>\n","protected":false},"excerpt":{"rendered":"<p>SA\u00daDE POTENCIALIZADA PELA TECNOLOGIAExperimente o poder transformador da tecnologia de ponta: tratamento eletr\u00f4nico acess\u00edvel e indolor com o ETMD R-Pulse, para tratar uma ampla gama de doen\u00e7as, v\u00edrus, bact\u00e9rias, e at\u00e9 c\u00e9lulas cancerosas. &nbsp;HEALTH POWERED BY TECHNOLOGY &nbsp; Viruses, bacteria, and cancer cells emit unique electrical impulses with distinct frequencies. The R-Pulse Electro-magnetic treatment device [&hellip;]<\/p>\n","protected":false},"author":3,"featured_media":0,"parent":0,"menu_order":0,"comment_status":"closed","ping_status":"closed","template":"","meta":{"_et_pb_use_builder":"on","_et_pb_old_content":"","_et_gb_content_width":"","footnotes":""},"class_list":["post-6989","page","type-page","status-publish","hentry"],"yoast_head":"<!-- This site is optimized with the Yoast SEO plugin v27.4 - https:\/\/yoast.com\/product\/yoast-seo-wordpress\/ -->\n<title>Sistemas M\u00e9dicos: ETMD - Tratamento Eletr\u00f4nico Transformador<\/title>\n<meta name=\"description\" content=\"Nosso Dispositivo de Tratamento Eletr\u00f4nico ETMD trata uma ampla gama de doen\u00e7as, v\u00edrus, bact\u00e9rias e at\u00e9 c\u00e9lulas cancerosas.\" \/>\n<meta name=\"robots\" content=\"index, follow, max-snippet:-1, max-image-preview:large, max-video-preview:-1\" \/>\n<link rel=\"canonical\" href=\"https:\/\/m3sh.com\/pt-br\/sistemas-medicos-moveis\/\" \/>\n<meta property=\"og:locale\" content=\"pt_BR\" \/>\n<meta property=\"og:type\" content=\"article\" \/>\n<meta property=\"og:title\" content=\"Sistemas M\u00e9dicos: ETMD - Tratamento Eletr\u00f4nico Transformador\" \/>\n<meta property=\"og:description\" content=\"Nosso Dispositivo de Tratamento Eletr\u00f4nico ETMD trata uma ampla gama de doen\u00e7as, v\u00edrus, bact\u00e9rias e at\u00e9 c\u00e9lulas cancerosas.\" \/>\n<meta property=\"og:url\" content=\"https:\/\/m3sh.com\/pt-br\/sistemas-medicos-moveis\/\" \/>\n<meta property=\"og:site_name\" content=\"M3SH\" \/>\n<meta property=\"article:modified_time\" content=\"2026-03-26T15:28:18+00:00\" \/>\n<meta property=\"og:image\" content=\"https:\/\/m3sh.com\/wp-content\/uploads\/2025\/08\/ETMD_AS2-Edit1_Cjvr.png\" \/>\n<meta name=\"twitter:card\" content=\"summary_large_image\" \/>\n<meta name=\"twitter:label1\" content=\"Est. tempo de leitura\" \/>\n\t<meta name=\"twitter:data1\" content=\"8 minutos\" \/>\n<script type=\"application\/ld+json\" class=\"yoast-schema-graph\">{\"@context\":\"https:\\\/\\\/schema.org\",\"@graph\":[{\"@type\":\"WebPage\",\"@id\":\"https:\\\/\\\/m3sh.com\\\/pt-br\\\/sistemas-medicos-moveis\\\/\",\"url\":\"https:\\\/\\\/m3sh.com\\\/pt-br\\\/sistemas-medicos-moveis\\\/\",\"name\":\"Sistemas M\u00e9dicos: ETMD - Tratamento Eletr\u00f4nico Transformador\",\"isPartOf\":{\"@id\":\"http:\\\/\\\/m3sh.com\\\/pt-br\\\/#website\"},\"primaryImageOfPage\":{\"@id\":\"https:\\\/\\\/m3sh.com\\\/pt-br\\\/sistemas-medicos-moveis\\\/#primaryimage\"},\"image\":{\"@id\":\"https:\\\/\\\/m3sh.com\\\/pt-br\\\/sistemas-medicos-moveis\\\/#primaryimage\"},\"thumbnailUrl\":\"https:\\\/\\\/m3sh.com\\\/wp-content\\\/uploads\\\/2025\\\/08\\\/ETMD_AS2-Edit1_Cjvr.png\",\"datePublished\":\"2026-03-11T22:24:40+00:00\",\"dateModified\":\"2026-03-26T15:28:18+00:00\",\"description\":\"Nosso Dispositivo de Tratamento Eletr\u00f4nico ETMD trata uma ampla gama de doen\u00e7as, v\u00edrus, bact\u00e9rias e at\u00e9 c\u00e9lulas cancerosas.\",\"breadcrumb\":{\"@id\":\"https:\\\/\\\/m3sh.com\\\/pt-br\\\/sistemas-medicos-moveis\\\/#breadcrumb\"},\"inLanguage\":\"pt-BR\",\"potentialAction\":[{\"@type\":\"ReadAction\",\"target\":[\"https:\\\/\\\/m3sh.com\\\/pt-br\\\/sistemas-medicos-moveis\\\/\"]}]},{\"@type\":\"ImageObject\",\"inLanguage\":\"pt-BR\",\"@id\":\"https:\\\/\\\/m3sh.com\\\/pt-br\\\/sistemas-medicos-moveis\\\/#primaryimage\",\"url\":\"https:\\\/\\\/m3sh.com\\\/wp-content\\\/uploads\\\/2025\\\/08\\\/ETMD_AS2-Edit1_Cjvr.png\",\"contentUrl\":\"https:\\\/\\\/m3sh.com\\\/wp-content\\\/uploads\\\/2025\\\/08\\\/ETMD_AS2-Edit1_Cjvr.png\"},{\"@type\":\"BreadcrumbList\",\"@id\":\"https:\\\/\\\/m3sh.com\\\/pt-br\\\/sistemas-medicos-moveis\\\/#breadcrumb\",\"itemListElement\":[{\"@type\":\"ListItem\",\"position\":1,\"name\":\"Home\",\"item\":\"https:\\\/\\\/m3sh.com\\\/pt-br\\\/inicio\\\/\"},{\"@type\":\"ListItem\",\"position\":2,\"name\":\"Sistemas M\u00e9dicos M\u00f3veis\"}]},{\"@type\":\"WebSite\",\"@id\":\"http:\\\/\\\/m3sh.com\\\/pt-br\\\/#website\",\"url\":\"http:\\\/\\\/m3sh.com\\\/pt-br\\\/\",\"name\":\"M3SH\",\"description\":\"We set the standard\",\"publisher\":{\"@id\":\"http:\\\/\\\/m3sh.com\\\/pt-br\\\/#organization\"},\"potentialAction\":[{\"@type\":\"SearchAction\",\"target\":{\"@type\":\"EntryPoint\",\"urlTemplate\":\"http:\\\/\\\/m3sh.com\\\/pt-br\\\/?s={search_term_string}\"},\"query-input\":{\"@type\":\"PropertyValueSpecification\",\"valueRequired\":true,\"valueName\":\"search_term_string\"}}],\"inLanguage\":\"pt-BR\"},{\"@type\":\"Organization\",\"@id\":\"http:\\\/\\\/m3sh.com\\\/pt-br\\\/#organization\",\"name\":\"M3SH Technology\",\"url\":\"http:\\\/\\\/m3sh.com\\\/pt-br\\\/\",\"logo\":{\"@type\":\"ImageObject\",\"inLanguage\":\"pt-BR\",\"@id\":\"http:\\\/\\\/m3sh.com\\\/pt-br\\\/#\\\/schema\\\/logo\\\/image\\\/\",\"url\":\"https:\\\/\\\/m3sh.com\\\/wp-content\\\/uploads\\\/2023\\\/11\\\/M3SH-Logo.png\",\"contentUrl\":\"https:\\\/\\\/m3sh.com\\\/wp-content\\\/uploads\\\/2023\\\/11\\\/M3SH-Logo.png\",\"width\":574,\"height\":233,\"caption\":\"M3SH Technology\"},\"image\":{\"@id\":\"http:\\\/\\\/m3sh.com\\\/pt-br\\\/#\\\/schema\\\/logo\\\/image\\\/\"},\"sameAs\":[\"https:\\\/\\\/www.linkedin.com\\\/company\\\/m3sh-technology\\\/\"]}]}<\/script>\n<!-- \/ Yoast SEO plugin. -->","yoast_head_json":{"title":"Sistemas M\u00e9dicos: ETMD - Tratamento Eletr\u00f4nico Transformador","description":"Nosso Dispositivo de Tratamento Eletr\u00f4nico ETMD trata uma ampla gama de doen\u00e7as, v\u00edrus, bact\u00e9rias e at\u00e9 c\u00e9lulas cancerosas.","robots":{"index":"index","follow":"follow","max-snippet":"max-snippet:-1","max-image-preview":"max-image-preview:large","max-video-preview":"max-video-preview:-1"},"canonical":"https:\/\/m3sh.com\/pt-br\/sistemas-medicos-moveis\/","og_locale":"pt_BR","og_type":"article","og_title":"Sistemas M\u00e9dicos: ETMD - Tratamento Eletr\u00f4nico Transformador","og_description":"Nosso Dispositivo de Tratamento Eletr\u00f4nico ETMD trata uma ampla gama de doen\u00e7as, v\u00edrus, bact\u00e9rias e at\u00e9 c\u00e9lulas cancerosas.","og_url":"https:\/\/m3sh.com\/pt-br\/sistemas-medicos-moveis\/","og_site_name":"M3SH","article_modified_time":"2026-03-26T15:28:18+00:00","og_image":[{"url":"https:\/\/m3sh.com\/wp-content\/uploads\/2025\/08\/ETMD_AS2-Edit1_Cjvr.png","type":"","width":"","height":""}],"twitter_card":"summary_large_image","twitter_misc":{"Est. tempo de leitura":"8 minutos"},"schema":{"@context":"https:\/\/schema.org","@graph":[{"@type":"WebPage","@id":"https:\/\/m3sh.com\/pt-br\/sistemas-medicos-moveis\/","url":"https:\/\/m3sh.com\/pt-br\/sistemas-medicos-moveis\/","name":"Sistemas M\u00e9dicos: ETMD - Tratamento Eletr\u00f4nico Transformador","isPartOf":{"@id":"http:\/\/m3sh.com\/pt-br\/#website"},"primaryImageOfPage":{"@id":"https:\/\/m3sh.com\/pt-br\/sistemas-medicos-moveis\/#primaryimage"},"image":{"@id":"https:\/\/m3sh.com\/pt-br\/sistemas-medicos-moveis\/#primaryimage"},"thumbnailUrl":"https:\/\/m3sh.com\/wp-content\/uploads\/2025\/08\/ETMD_AS2-Edit1_Cjvr.png","datePublished":"2026-03-11T22:24:40+00:00","dateModified":"2026-03-26T15:28:18+00:00","description":"Nosso Dispositivo de Tratamento Eletr\u00f4nico ETMD trata uma ampla gama de doen\u00e7as, v\u00edrus, bact\u00e9rias e at\u00e9 c\u00e9lulas cancerosas.","breadcrumb":{"@id":"https:\/\/m3sh.com\/pt-br\/sistemas-medicos-moveis\/#breadcrumb"},"inLanguage":"pt-BR","potentialAction":[{"@type":"ReadAction","target":["https:\/\/m3sh.com\/pt-br\/sistemas-medicos-moveis\/"]}]},{"@type":"ImageObject","inLanguage":"pt-BR","@id":"https:\/\/m3sh.com\/pt-br\/sistemas-medicos-moveis\/#primaryimage","url":"https:\/\/m3sh.com\/wp-content\/uploads\/2025\/08\/ETMD_AS2-Edit1_Cjvr.png","contentUrl":"https:\/\/m3sh.com\/wp-content\/uploads\/2025\/08\/ETMD_AS2-Edit1_Cjvr.png"},{"@type":"BreadcrumbList","@id":"https:\/\/m3sh.com\/pt-br\/sistemas-medicos-moveis\/#breadcrumb","itemListElement":[{"@type":"ListItem","position":1,"name":"Home","item":"https:\/\/m3sh.com\/pt-br\/inicio\/"},{"@type":"ListItem","position":2,"name":"Sistemas M\u00e9dicos M\u00f3veis"}]},{"@type":"WebSite","@id":"http:\/\/m3sh.com\/pt-br\/#website","url":"http:\/\/m3sh.com\/pt-br\/","name":"M3SH","description":"We set the standard","publisher":{"@id":"http:\/\/m3sh.com\/pt-br\/#organization"},"potentialAction":[{"@type":"SearchAction","target":{"@type":"EntryPoint","urlTemplate":"http:\/\/m3sh.com\/pt-br\/?s={search_term_string}"},"query-input":{"@type":"PropertyValueSpecification","valueRequired":true,"valueName":"search_term_string"}}],"inLanguage":"pt-BR"},{"@type":"Organization","@id":"http:\/\/m3sh.com\/pt-br\/#organization","name":"M3SH Technology","url":"http:\/\/m3sh.com\/pt-br\/","logo":{"@type":"ImageObject","inLanguage":"pt-BR","@id":"http:\/\/m3sh.com\/pt-br\/#\/schema\/logo\/image\/","url":"https:\/\/m3sh.com\/wp-content\/uploads\/2023\/11\/M3SH-Logo.png","contentUrl":"https:\/\/m3sh.com\/wp-content\/uploads\/2023\/11\/M3SH-Logo.png","width":574,"height":233,"caption":"M3SH Technology"},"image":{"@id":"http:\/\/m3sh.com\/pt-br\/#\/schema\/logo\/image\/"},"sameAs":["https:\/\/www.linkedin.com\/company\/m3sh-technology\/"]}]}},"_links":{"self":[{"href":"https:\/\/m3sh.com\/pt-br\/wp-json\/wp\/v2\/pages\/6989","targetHints":{"allow":["GET"]}}],"collection":[{"href":"https:\/\/m3sh.com\/pt-br\/wp-json\/wp\/v2\/pages"}],"about":[{"href":"https:\/\/m3sh.com\/pt-br\/wp-json\/wp\/v2\/types\/page"}],"author":[{"embeddable":true,"href":"https:\/\/m3sh.com\/pt-br\/wp-json\/wp\/v2\/users\/3"}],"replies":[{"embeddable":true,"href":"https:\/\/m3sh.com\/pt-br\/wp-json\/wp\/v2\/comments?post=6989"}],"version-history":[{"count":16,"href":"https:\/\/m3sh.com\/pt-br\/wp-json\/wp\/v2\/pages\/6989\/revisions"}],"predecessor-version":[{"id":9150,"href":"https:\/\/m3sh.com\/pt-br\/wp-json\/wp\/v2\/pages\/6989\/revisions\/9150"}],"wp:attachment":[{"href":"https:\/\/m3sh.com\/pt-br\/wp-json\/wp\/v2\/media?parent=6989"}],"curies":[{"name":"wp","href":"https:\/\/api.w.org\/{rel}","templated":true}]}}